{"id":2066,"date":"2023-07-21T16:40:57","date_gmt":"2023-07-21T14:40:57","guid":{"rendered":"https:\/\/bizen-conseil.com\/bizen-news\/"},"modified":"2025-07-31T18:50:14","modified_gmt":"2025-07-31T16:50:14","slug":"bizen-news","status":"publish","type":"page","link":"https:\/\/bizen-conseil.com\/en\/bizen-news\/","title":{"rendered":"Bizen News"},"content":{"rendered":"<p>[et_pb_section fb_built=&#8221;1&#8243; fullwidth=&#8221;on&#8221; admin_label=&#8221;Header Section&#8221; _builder_version=&#8221;4.21.0&#8243; background_color=&#8221;#dadde2&#8243; height=&#8221;60vh&#8221; locked=&#8221;off&#8221; global_colors_info=&#8221;{}&#8221;][et_pb_fullwidth_header title=&#8221;News&#8221; text_orientation=&#8221;center&#8221; logo_image_url=&#8221;https:\/\/bizen-conseil.com\/wp-content\/uploads\/2025\/07\/logo-bizen-noir.webp&#8221; content_max_width=&#8221;25vw&#8221; content_max_width_tablet=&#8221;35vw&#8221; content_max_width_phone=&#8221;50vw&#8221; content_max_width_last_edited=&#8221;on|tablet&#8221; _builder_version=&#8221;4.27.4&#8243; title_font=&#8221;|700|||||||&#8221; title_text_color=&#8221;#0A0A0A&#8221; title_font_size=&#8221;4vw&#8221; title_letter_spacing=&#8221;2px&#8221; content_font=&#8221;||||||||&#8221; content_font_size=&#8221;2vw&#8221; subhead_font=&#8221;||||||||&#8221; subhead_text_color=&#8221;#FFFFFF&#8221; subhead_font_size=&#8221;2vw&#8221; subhead_letter_spacing=&#8221;2px&#8221; subhead_line_height=&#8221;1.4em&#8221; background_color=&#8221;rgba(255, 255, 255, 0)&#8221; background_image=&#8221;https:\/\/bizen-conseil.com\/wp-content\/uploads\/2023\/07\/jardin-sable-zen-bizen-news.webp&#8221; parallax=&#8221;on&#8221; height=&#8221;100%&#8221; custom_padding=&#8221;15vh||||false|false&#8221; animation_style=&#8221;zoom&#8221; animation_direction=&#8221;bottom&#8221; animation_intensity_zoom=&#8221;8%&#8221; hover_enabled=&#8221;0&#8243; title_font_size_tablet=&#8221;6vw&#8221; title_font_size_phone=&#8221;9vw&#8221; title_font_size_last_edited=&#8221;on|phone&#8221; subhead_text_shadow_style=&#8221;preset1&#8243; subhead_text_shadow_blur_strength=&#8221;0.25em&#8221; subhead_text_shadow_color=&#8221;rgba(12,12,12,0.15)&#8221; global_colors_info=&#8221;{}&#8221; button_one_text_size__hover_enabled=&#8221;off&#8221; button_two_text_size__hover_enabled=&#8221;off&#8221; button_one_text_color__hover_enabled=&#8221;off&#8221; button_two_text_color__hover_enabled=&#8221;off&#8221; button_one_border_width__hover_enabled=&#8221;off&#8221; button_two_border_width__hover_enabled=&#8221;off&#8221; button_one_border_color__hover_enabled=&#8221;off&#8221; button_two_border_color__hover_enabled=&#8221;off&#8221; button_one_border_radius__hover_enabled=&#8221;off&#8221; button_two_border_radius__hover_enabled=&#8221;off&#8221; button_one_letter_spacing__hover_enabled=&#8221;off&#8221; button_two_letter_spacing__hover_enabled=&#8221;off&#8221; button_one_bg_color__hover_enabled=&#8221;off&#8221; button_two_bg_color__hover_enabled=&#8221;off&#8221; title_text=&#8221;logo-bizen-noir&#8221; sticky_enabled=&#8221;0&#8243;][\/et_pb_fullwidth_header][\/et_pb_section][et_pb_section fb_built=&#8221;1&#8243; admin_label=&#8221;Contact Info Section&#8221; _builder_version=&#8221;4.27.4&#8243; custom_padding=&#8221;40px|0px|40px|0px|true|false&#8221; hover_enabled=&#8221;0&#8243; global_colors_info=&#8221;{}&#8221; custom_padding_last_edited=&#8221;on|desktop&#8221; sticky_enabled=&#8221;0&#8243; custom_padding_tablet=&#8221;40px|0px|40px|0px|true|false&#8221; custom_padding_phone=&#8221;40px|0px|40px|0px|true|false&#8221;][et_pb_row module_id=&#8221;blog&#8221; _builder_version=&#8221;4.21.0&#8243; _module_preset=&#8221;default&#8221; global_colors_info=&#8221;{}&#8221;][et_pb_column type=&#8221;4_4&#8243; _builder_version=&#8221;4.21.0&#8243; _module_preset=&#8221;default&#8221; global_colors_info=&#8221;{}&#8221;][et_pb_blog fullwidth=&#8221;off&#8221; posts_number=&#8221;20&#8243; include_categories=&#8221;all&#8221; meta_date=&#8221;j M Y&#8221; use_manual_excerpt=&#8221;off&#8221; show_more=&#8221;on&#8221; show_author=&#8221;off&#8221; show_categories=&#8221;off&#8221; show_excerpt=&#8221;off&#8221; use_overlay=&#8221;on&#8221; hover_icon=&#8221;&#xf06e;||fa||900&#8243; _builder_version=&#8221;4.27.4&#8243; _module_preset=&#8221;default&#8221; header_font=&#8221;|700|||||||&#8221; header_text_color=&#8221;#454B54&#8243; meta_text_color=&#8221;#D42E12&#8243; meta_font_size=&#8221;14px&#8221; read_more_font=&#8221;|700||on|||||&#8221; read_more_text_color=&#8221;#98A0A5&#8243; read_more_font_size=&#8221;12px&#8221; read_more_line_height=&#8221;1.5em&#8221; custom_padding=&#8221;||||false|false&#8221; hover_enabled=&#8221;0&#8243; global_colors_info=&#8221;{}&#8221; overlay_icon_color=&#8221;#D42E12&#8243; sticky_enabled=&#8221;0&#8243;][\/et_pb_blog][\/et_pb_column][\/et_pb_row][\/et_pb_section]<\/p>\n","protected":false},"excerpt":{"rendered":"","protected":false},"author":2,"featured_media":0,"parent":0,"menu_order":0,"comment_status":"closed","ping_status":"closed","template":"","meta":{"_et_pb_use_builder":"on","_et_pb_old_content":"","_et_gb_content_width":"","inline_featured_image":false,"footnotes":""},"class_list":["post-2066","page","type-page","status-publish","hentry"],"yoast_head":"<!-- This site is optimized with the Yoast SEO plugin v27.3 - https:\/\/yoast.com\/product\/yoast-seo-wordpress\/ -->\n<title>Retrouvez les actualit\u00e9s de BiZen Conseil<\/title>\n<meta name=\"description\" content=\"Nous vous accompagnons dans le d\u00e9veloppement commercial \u00e0 l\u2019international et dans votre strat\u00e9gie commerciale et interculturelle.\" \/>\n<meta name=\"robots\" content=\"index, follow, max-snippet:-1, max-image-preview:large, max-video-preview:-1\" \/>\n<link rel=\"canonical\" href=\"https:\/\/bizen-conseil.com\/en\/bizen-news\/\" \/>\n<meta property=\"og:locale\" content=\"en_US\" \/>\n<meta property=\"og:type\" content=\"article\" \/>\n<meta property=\"og:title\" content=\"Retrouvez les actualit\u00e9s de BiZen Conseil\" \/>\n<meta property=\"og:description\" content=\"Nous vous accompagnons dans le d\u00e9veloppement commercial \u00e0 l\u2019international et dans votre strat\u00e9gie commerciale et interculturelle.\" \/>\n<meta property=\"og:url\" content=\"https:\/\/bizen-conseil.com\/en\/bizen-news\/\" \/>\n<meta property=\"og:site_name\" content=\"BiZen Conseil\" \/>\n<meta property=\"article:modified_time\" content=\"2025-07-31T16:50:14+00:00\" \/>\n<meta name=\"twitter:card\" content=\"summary_large_image\" \/>\n<meta name=\"twitter:label1\" content=\"Est. reading time\" \/>\n\t<meta name=\"twitter:data1\" content=\"2 minutes\" \/>\n<script type=\"application\/ld+json\" class=\"yoast-schema-graph\">{\"@context\":\"https:\\\/\\\/schema.org\",\"@graph\":[{\"@type\":\"WebPage\",\"@id\":\"https:\\\/\\\/bizen-conseil.com\\\/en\\\/bizen-news\\\/\",\"url\":\"https:\\\/\\\/bizen-conseil.com\\\/en\\\/bizen-news\\\/\",\"name\":\"Retrouvez les actualit\u00e9s de BiZen Conseil\",\"isPartOf\":{\"@id\":\"https:\\\/\\\/bizen-conseil.com\\\/en\\\/#website\"},\"datePublished\":\"2023-07-21T14:40:57+00:00\",\"dateModified\":\"2025-07-31T16:50:14+00:00\",\"description\":\"Nous vous accompagnons dans le d\u00e9veloppement commercial \u00e0 l\u2019international et dans votre strat\u00e9gie commerciale et interculturelle.\",\"breadcrumb\":{\"@id\":\"https:\\\/\\\/bizen-conseil.com\\\/en\\\/bizen-news\\\/#breadcrumb\"},\"inLanguage\":\"en-US\",\"potentialAction\":[{\"@type\":\"ReadAction\",\"target\":[\"https:\\\/\\\/bizen-conseil.com\\\/en\\\/bizen-news\\\/\"]}]},{\"@type\":\"BreadcrumbList\",\"@id\":\"https:\\\/\\\/bizen-conseil.com\\\/en\\\/bizen-news\\\/#breadcrumb\",\"itemListElement\":[{\"@type\":\"ListItem\",\"position\":1,\"name\":\"Accueil\",\"item\":\"https:\\\/\\\/bizen-conseil.com\\\/en\\\/\"},{\"@type\":\"ListItem\",\"position\":2,\"name\":\"Bizen News\"}]},{\"@type\":\"WebSite\",\"@id\":\"https:\\\/\\\/bizen-conseil.com\\\/en\\\/#website\",\"url\":\"https:\\\/\\\/bizen-conseil.com\\\/en\\\/\",\"name\":\"BiZen Conseil\",\"description\":\"Strat\u00e9gie commerciale et interculturelle | Intercultural and commercial strategy\",\"publisher\":{\"@id\":\"https:\\\/\\\/bizen-conseil.com\\\/en\\\/#organization\"},\"potentialAction\":[{\"@type\":\"SearchAction\",\"target\":{\"@type\":\"EntryPoint\",\"urlTemplate\":\"https:\\\/\\\/bizen-conseil.com\\\/en\\\/?s={search_term_string}\"},\"query-input\":{\"@type\":\"PropertyValueSpecification\",\"valueRequired\":true,\"valueName\":\"search_term_string\"}}],\"inLanguage\":\"en-US\"},{\"@type\":\"Organization\",\"@id\":\"https:\\\/\\\/bizen-conseil.com\\\/en\\\/#organization\",\"name\":\"BiZen Conseil\",\"url\":\"https:\\\/\\\/bizen-conseil.com\\\/en\\\/\",\"logo\":{\"@type\":\"ImageObject\",\"inLanguage\":\"en-US\",\"@id\":\"https:\\\/\\\/bizen-conseil.com\\\/en\\\/#\\\/schema\\\/logo\\\/image\\\/\",\"url\":\"https:\\\/\\\/bizen-conseil.com\\\/wp-content\\\/uploads\\\/2023\\\/07\\\/logo-bizen-conseil.svg\",\"contentUrl\":\"https:\\\/\\\/bizen-conseil.com\\\/wp-content\\\/uploads\\\/2023\\\/07\\\/logo-bizen-conseil.svg\",\"width\":\"1024\",\"height\":\"1024\",\"caption\":\"BiZen Conseil\"},\"image\":{\"@id\":\"https:\\\/\\\/bizen-conseil.com\\\/en\\\/#\\\/schema\\\/logo\\\/image\\\/\"}}]}<\/script>\n<!-- \/ Yoast SEO plugin. -->","yoast_head_json":{"title":"Retrouvez les actualit\u00e9s de BiZen Conseil","description":"Nous vous accompagnons dans le d\u00e9veloppement commercial \u00e0 l\u2019international et dans votre strat\u00e9gie commerciale et interculturelle.","robots":{"index":"index","follow":"follow","max-snippet":"max-snippet:-1","max-image-preview":"max-image-preview:large","max-video-preview":"max-video-preview:-1"},"canonical":"https:\/\/bizen-conseil.com\/en\/bizen-news\/","og_locale":"en_US","og_type":"article","og_title":"Retrouvez les actualit\u00e9s de BiZen Conseil","og_description":"Nous vous accompagnons dans le d\u00e9veloppement commercial \u00e0 l\u2019international et dans votre strat\u00e9gie commerciale et interculturelle.","og_url":"https:\/\/bizen-conseil.com\/en\/bizen-news\/","og_site_name":"BiZen Conseil","article_modified_time":"2025-07-31T16:50:14+00:00","twitter_card":"summary_large_image","twitter_misc":{"Est. reading time":"2 minutes"},"schema":{"@context":"https:\/\/schema.org","@graph":[{"@type":"WebPage","@id":"https:\/\/bizen-conseil.com\/en\/bizen-news\/","url":"https:\/\/bizen-conseil.com\/en\/bizen-news\/","name":"Retrouvez les actualit\u00e9s de BiZen Conseil","isPartOf":{"@id":"https:\/\/bizen-conseil.com\/en\/#website"},"datePublished":"2023-07-21T14:40:57+00:00","dateModified":"2025-07-31T16:50:14+00:00","description":"Nous vous accompagnons dans le d\u00e9veloppement commercial \u00e0 l\u2019international et dans votre strat\u00e9gie commerciale et interculturelle.","breadcrumb":{"@id":"https:\/\/bizen-conseil.com\/en\/bizen-news\/#breadcrumb"},"inLanguage":"en-US","potentialAction":[{"@type":"ReadAction","target":["https:\/\/bizen-conseil.com\/en\/bizen-news\/"]}]},{"@type":"BreadcrumbList","@id":"https:\/\/bizen-conseil.com\/en\/bizen-news\/#breadcrumb","itemListElement":[{"@type":"ListItem","position":1,"name":"Accueil","item":"https:\/\/bizen-conseil.com\/en\/"},{"@type":"ListItem","position":2,"name":"Bizen News"}]},{"@type":"WebSite","@id":"https:\/\/bizen-conseil.com\/en\/#website","url":"https:\/\/bizen-conseil.com\/en\/","name":"BiZen Conseil","description":"Strat\u00e9gie commerciale et interculturelle | Intercultural and commercial strategy","publisher":{"@id":"https:\/\/bizen-conseil.com\/en\/#organization"},"potentialAction":[{"@type":"SearchAction","target":{"@type":"EntryPoint","urlTemplate":"https:\/\/bizen-conseil.com\/en\/?s={search_term_string}"},"query-input":{"@type":"PropertyValueSpecification","valueRequired":true,"valueName":"search_term_string"}}],"inLanguage":"en-US"},{"@type":"Organization","@id":"https:\/\/bizen-conseil.com\/en\/#organization","name":"BiZen Conseil","url":"https:\/\/bizen-conseil.com\/en\/","logo":{"@type":"ImageObject","inLanguage":"en-US","@id":"https:\/\/bizen-conseil.com\/en\/#\/schema\/logo\/image\/","url":"https:\/\/bizen-conseil.com\/wp-content\/uploads\/2023\/07\/logo-bizen-conseil.svg","contentUrl":"https:\/\/bizen-conseil.com\/wp-content\/uploads\/2023\/07\/logo-bizen-conseil.svg","width":"1024","height":"1024","caption":"BiZen Conseil"},"image":{"@id":"https:\/\/bizen-conseil.com\/en\/#\/schema\/logo\/image\/"}}]}},"_links":{"self":[{"href":"https:\/\/bizen-conseil.com\/en\/wp-json\/wp\/v2\/pages\/2066","targetHints":{"allow":["GET"]}}],"collection":[{"href":"https:\/\/bizen-conseil.com\/en\/wp-json\/wp\/v2\/pages"}],"about":[{"href":"https:\/\/bizen-conseil.com\/en\/wp-json\/wp\/v2\/types\/page"}],"author":[{"embeddable":true,"href":"https:\/\/bizen-conseil.com\/en\/wp-json\/wp\/v2\/users\/2"}],"replies":[{"embeddable":true,"href":"https:\/\/bizen-conseil.com\/en\/wp-json\/wp\/v2\/comments?post=2066"}],"version-history":[{"count":9,"href":"https:\/\/bizen-conseil.com\/en\/wp-json\/wp\/v2\/pages\/2066\/revisions"}],"predecessor-version":[{"id":2566,"href":"https:\/\/bizen-conseil.com\/en\/wp-json\/wp\/v2\/pages\/2066\/revisions\/2566"}],"wp:attachment":[{"href":"https:\/\/bizen-conseil.com\/en\/wp-json\/wp\/v2\/media?parent=2066"}],"curies":[{"name":"wp","href":"https:\/\/api.w.org\/{rel}","templated":true}]}}